{"id":6595,"date":"2024-10-03T18:11:39","date_gmt":"2024-10-04T00:11:39","guid":{"rendered":"https:\/\/somosmadera.com\/?page_id=6595"},"modified":"2026-01-30T12:48:06","modified_gmt":"2026-01-30T18:48:06","slug":"aviso-de-privacidad","status":"publish","type":"page","link":"https:\/\/somosmadera.com\/en\/aviso-de-privacidad\/","title":{"rendered":"Aviso de Privacidad de Mad-ERA Bienes Ra\u00edces"},"content":{"rendered":"<h3 class=\"wp-block-heading\">AVISO DE PRIVACIDAD<\/h3>\n\n\n\n<p><strong>ERA INMOBILIARIA MAD, S.A.S. de C.V.<\/strong>, mejor conocido como <strong>Mad-ERA Bienes Ra\u00edces<\/strong>, con domicilio en Fuentes Estrella MZ 2 LT 22, Desarrollo Urbano Quetzalc\u00f3atl, Iztapalapa, Ciudad de M\u00e9xico, M\u00e9xico, y portal de internet <a target=\"_blank\" rel=\"noreferrer noopener\" href=\"https:\/\/somosmadera.com\/en\/\">https:\/\/somosmadera.com\/<\/a>, es el responsable del uso y protecci\u00f3n de sus datos personales, y al respecto le informamos lo siguiente:<\/p>\n\n\n\n<h4 class=\"wp-block-heading\"><strong>\u00bfPara qu\u00e9 fines utilizaremos sus datos personales?<\/strong><\/h4>\n\n\n\n<p>Los datos personales que recabamos de usted ser\u00e1n utilizados para las siguientes <strong>finalidades primarias<\/strong>, necesarias para la prestaci\u00f3n de nuestros servicios inmobiliarios:<\/p>\n\n\n\n<ul class=\"wp-block-list\">\n<li>Contactarlo y dar seguimiento a solicitudes de informaci\u00f3n.<\/li>\n\n\n\n<li>Brindar servicios de intermediaci\u00f3n inmobiliaria para la compra, venta o arrendamiento de inmuebles.<\/li>\n\n\n\n<li>Captaci\u00f3n, promoci\u00f3n y comercializaci\u00f3n de inmuebles.<\/li>\n\n\n\n<li>Gesti\u00f3n de visitas, negociaciones y cierres de operaci\u00f3n.<\/li>\n\n\n\n<li>Elaboraci\u00f3n y administraci\u00f3n de contratos, convenios y documentaci\u00f3n relacionada.<\/li>\n\n\n\n<li>Verificaci\u00f3n de identidad y validaci\u00f3n de informaci\u00f3n.<\/li>\n\n\n\n<li>Atenci\u00f3n y soporte al cliente.<\/li>\n\n\n\n<li>Administraci\u00f3n interna, control operativo y registro en sistemas y CRM.<\/li>\n<\/ul>\n\n\n\n<p>De manera adicional, y solo si usted no se opone, sus datos podr\u00e1n utilizarse para las siguientes <strong>finalidades secundarias<\/strong>:<\/p>\n\n\n\n<ul class=\"wp-block-list\">\n<li>Env\u00edo de informaci\u00f3n comercial, promociones o contenido relacionado con servicios inmobiliarios.<\/li>\n\n\n\n<li>An\u00e1lisis estad\u00edstico y mejora de procesos internos.<\/li>\n<\/ul>\n\n\n\n<p>Si no desea que sus datos sean tratados para estas finalidades secundarias, puede manifestarlo en cualquier momento a trav\u00e9s del correo <strong>hola@somosmadera.com<\/strong>.<\/p>\n\n\n\n<h4 class=\"wp-block-heading\"><strong>\u00bfQu\u00e9 datos personales utilizaremos para estos fines?<\/strong><\/h4>\n\n\n\n<p>Para llevar a cabo las finalidades descritas, podremos recabar las siguientes categor\u00edas de datos personales:<\/p>\n\n\n\n<ul class=\"wp-block-list\">\n<li><strong>Datos de identificaci\u00f3n y contacto:<\/strong> nombre completo, tel\u00e9fono, correo electr\u00f3nico, domicilio.<\/li>\n\n\n\n<li><strong>Datos del inmueble:<\/strong> ubicaci\u00f3n, caracter\u00edsticas, documentaci\u00f3n legal relacionada con la propiedad.<\/li>\n\n\n\n<li><strong>Datos patrimoniales y fiscales:<\/strong> \u00fanicamente cuando sea necesario para la formalizaci\u00f3n de operaciones (por ejemplo: escrituras, comprobantes de ingresos, RFC, CURP).<\/li>\n<\/ul>\n\n\n\n<p><strong>Mad-ERA Bienes Ra\u00edces<\/strong> no recaba datos personales sensibles, en t\u00e9rminos de la Ley.<\/p>\n\n\n\n<h4 class=\"wp-block-heading\"><strong>\u00bfCon qui\u00e9n compartimos su informaci\u00f3n y para qu\u00e9 fines?<\/strong><\/h4>\n\n\n\n<p>Sus datos personales podr\u00e1n ser compartidos \u00fanicamente cuando sea necesario para cumplir con las finalidades descritas, con:<\/p>\n\n\n\n<ul class=\"wp-block-list\">\n<li>Asesores inmobiliarios que colaboren con <strong>Mad-ERA Bienes Ra\u00edces<\/strong>.<\/li>\n\n\n\n<li>Notar\u00edas p\u00fablicas, valuadores, instituciones financieras, plataformas de gesti\u00f3n inmobiliaria, proveedores de servicios administrativos y legales.<\/li>\n\n\n\n<li>Autoridades competentes, cuando exista obligaci\u00f3n legal.<\/li>\n<\/ul>\n\n\n\n<p>En todos los casos, se procurar\u00e1 que dichas transferencias se realicen conforme a la legislaci\u00f3n aplicable y \u00fanicamente para los fines aqu\u00ed descritos.<\/p>\n\n\n\n<h4 class=\"wp-block-heading\"><strong>\u00bfC\u00f3mo puede acceder, rectificar o cancelar sus datos personales, u oponerse a su uso?<\/strong><\/h4>\n\n\n\n<p>Usted tiene derecho a Acceder, Rectificar, Cancelar u Oponerse al tratamiento de sus datos personales, as\u00ed como a revocar su consentimiento (Derechos ARCO). Para ejercer cualquiera de estos derechos, deber\u00e1 enviar una solicitud al correo electr\u00f3nico <strong>hola@somosmadera.com<\/strong>, que contenga:<\/p>\n\n\n\n<ol start=\"1\" class=\"wp-block-list\">\n<li>Nombre completo del titular.<\/li>\n\n\n\n<li>Medio de contacto (correo y\/o tel\u00e9fono).<\/li>\n\n\n\n<li>Copia de una identificaci\u00f3n oficial.<\/li>\n\n\n\n<li>Asunto: \u201cDerechos ARCO\u201d.<\/li>\n\n\n\n<li>Descripci\u00f3n clara del derecho que desea ejercer.<\/li>\n<\/ol>\n\n\n\n<p><strong>\u00bfEn cu\u00e1ntos d\u00edas le daremos respuesta?<\/strong> Le daremos respuesta en un plazo m\u00e1ximo de <strong>15 d\u00edas h\u00e1biles<\/strong>, contados a partir de la recepci\u00f3n de su solicitud completa. La respuesta se le comunicar\u00e1 por el mismo medio por el cual se haya enviado la solicitud.<\/p>\n\n\n\n<h4 class=\"wp-block-heading\"><strong>Uso de tecnolog\u00edas de rastreo en nuestro portal de internet<\/strong><\/h4>\n\n\n\n<p>Le informamos que en nuestro sitio web utilizamos cookies y tecnolog\u00edas similares para mejorar su experiencia de navegaci\u00f3n. Los datos que se obtienen incluyen informaci\u00f3n de navegaci\u00f3n, idioma preferido y sesi\u00f3n del usuario. Estas tecnolog\u00edas pueden ser deshabilitadas desde la configuraci\u00f3n de su navegador.<\/p>\n\n\n\n<h4 class=\"wp-block-heading\"><strong>\u00bfC\u00f3mo puede conocer los cambios en este aviso de privacidad?<\/strong><\/h4>\n\n\n\n<p>El presente Aviso de Privacidad puede sufrir modificaciones o actualizaciones derivadas de cambios legales, operativos o comerciales. Las actualizaciones estar\u00e1n disponibles en todo momento en el sitio web <a target=\"_blank\" rel=\"noreferrer noopener\" href=\"https:\/\/somosmadera.com\/en\/\">https:\/\/somosmadera.com\/<\/a>.<\/p>\n\n\n\n<p id=\"aviso-format\">\u00daltima actualizaci\u00f3n de este&nbsp;<a href=\"https:\/\/markethax.com\/generador-aviso-de-privacidad\/\" target=\"_blank\" rel=\"noreferrer noopener\">aviso de privacidad<\/a>: Enero\/2026<\/p>","protected":false},"excerpt":{"rendered":"<p>AVISO DE PRIVACIDAD ERA INMOBILIARIA MAD, S.A.S. de C.V., mejor conocido como Mad-ERA Bienes Ra\u00edces, con domicilio en Fuentes Estrella MZ 2 LT 22, Desarrollo Urbano Quetzalc\u00f3atl, Iztapalapa, Ciudad de M\u00e9xico, M\u00e9xico, y portal de internet https:\/\/somosmadera.com\/, es el responsable del uso y protecci\u00f3n de sus datos personales, y al respecto le informamos lo siguiente:&#8230;<\/p>","protected":false},"author":1,"featured_media":0,"parent":0,"menu_order":0,"comment_status":"closed","ping_status":"closed","template":"","meta":{"footnotes":""},"class_list":["post-6595","page","type-page","status-publish","hentry"],"yoast_head":"<!-- This site is optimized with the Yoast SEO plugin v22.6 - https:\/\/yoast.com\/wordpress\/plugins\/seo\/ -->\n<title>Aviso de Privacidad de Mad-ERA Bienes Ra\u00edces - Mad-ERA Bienes Ra\u00edces<\/title>\n<meta name=\"robots\" content=\"index, follow, max-snippet:-1, max-image-preview:large, max-video-preview:-1\" \/>\n<link rel=\"canonical\" href=\"https:\/\/somosmadera.com\/en\/aviso-de-privacidad\/\" \/>\n<meta property=\"og:locale\" content=\"en_US\" \/>\n<meta property=\"og:type\" content=\"article\" \/>\n<meta property=\"og:title\" content=\"Aviso de Privacidad de Mad-ERA Bienes Ra\u00edces - Mad-ERA Bienes Ra\u00edces\" \/>\n<meta property=\"og:description\" content=\"AVISO DE PRIVACIDAD ERA INMOBILIARIA MAD, S.A.S. de C.V., mejor conocido como Mad-ERA Bienes Ra\u00edces, con domicilio en Fuentes Estrella MZ 2 LT 22, Desarrollo Urbano Quetzalc\u00f3atl, Iztapalapa, Ciudad de M\u00e9xico, M\u00e9xico, y portal de internet https:\/\/somosmadera.com\/, es el responsable del uso y protecci\u00f3n de sus datos personales, y al respecto le informamos lo siguiente:...\" \/>\n<meta property=\"og:url\" content=\"https:\/\/somosmadera.com\/en\/aviso-de-privacidad\/\" \/>\n<meta property=\"og:site_name\" content=\"Mad-ERA Bienes Ra\u00edces\" \/>\n<meta property=\"article:publisher\" content=\"https:\/\/www.facebook.com\/profile.php?id=61556515515385\" \/>\n<meta property=\"article:modified_time\" content=\"2026-01-30T18:48:06+00:00\" \/>\n<meta property=\"og:image\" content=\"https:\/\/mlucqzpfoplo.i.optimole.com\/co-ZpyQ-lk_E-6dZ\/dam:1\/w:1200\/h:628\/q:auto\/id:685b1a256115e6d7236e54843505c7a3\/directUpload\/Imagen-al-escribir-logo.png\" \/>\n\t<meta property=\"og:image:width\" content=\"1200\" \/>\n\t<meta property=\"og:image:height\" content=\"628\" \/>\n\t<meta property=\"og:image:type\" content=\"image\/png\" \/>\n<meta name=\"twitter:card\" content=\"summary_large_image\" \/>\n<meta name=\"twitter:label1\" content=\"Est. reading time\" \/>\n\t<meta name=\"twitter:data1\" content=\"3 minutes\" \/>\n<script type=\"application\/ld+json\" class=\"yoast-schema-graph\">{\"@context\":\"https:\/\/schema.org\",\"@graph\":[{\"@type\":\"WebPage\",\"@id\":\"https:\/\/somosmadera.com\/aviso-de-privacidad\/\",\"url\":\"https:\/\/somosmadera.com\/aviso-de-privacidad\/\",\"name\":\"Aviso de Privacidad de Mad-ERA Bienes Ra\u00edces - Mad-ERA Bienes Ra\u00edces\",\"isPartOf\":{\"@id\":\"https:\/\/somosmadera.com\/#website\"},\"datePublished\":\"2024-10-04T00:11:39+00:00\",\"dateModified\":\"2026-01-30T18:48:06+00:00\",\"breadcrumb\":{\"@id\":\"https:\/\/somosmadera.com\/aviso-de-privacidad\/#breadcrumb\"},\"inLanguage\":\"en-US\",\"potentialAction\":[{\"@type\":\"ReadAction\",\"target\":[\"https:\/\/somosmadera.com\/aviso-de-privacidad\/\"]}]},{\"@type\":\"BreadcrumbList\",\"@id\":\"https:\/\/somosmadera.com\/aviso-de-privacidad\/#breadcrumb\",\"itemListElement\":[{\"@type\":\"ListItem\",\"position\":1,\"name\":\"Portada\",\"item\":\"https:\/\/somosmadera.com\/\"},{\"@type\":\"ListItem\",\"position\":2,\"name\":\"Aviso de Privacidad de Mad-ERA Bienes Ra\u00edces\"}]},{\"@type\":\"WebSite\",\"@id\":\"https:\/\/somosmadera.com\/#website\",\"url\":\"https:\/\/somosmadera.com\/\",\"name\":\"Somos Madera\",\"description\":\"Compra, vende o renta tu propiedad dentro de la CDMX.\",\"publisher\":{\"@id\":\"https:\/\/somosmadera.com\/#organization\"},\"alternateName\":\"somosmadera.com\",\"potentialAction\":[{\"@type\":\"SearchAction\",\"target\":{\"@type\":\"EntryPoint\",\"urlTemplate\":\"https:\/\/somosmadera.com\/?s={search_term_string}\"},\"query-input\":\"required name=search_term_string\"}],\"inLanguage\":\"en-US\"},{\"@type\":\"Organization\",\"@id\":\"https:\/\/somosmadera.com\/#organization\",\"name\":\"Madera Bienes Ra\u00edces\",\"alternateName\":\"somosmadera.com\",\"url\":\"https:\/\/somosmadera.com\/\",\"logo\":{\"@type\":\"ImageObject\",\"inLanguage\":\"en-US\",\"@id\":\"https:\/\/somosmadera.com\/#\/schema\/logo\/image\/\",\"url\":\"https:\/\/mlucqzpfoplo.i.optimole.com\/co-ZpyQ-d7yDvNvC\/dam:1\/w:460\/h:200\/q:auto\/id:294d11d82dc6ed40b1311d0530c6a3c9\/directUpload\/Madera_Logo_-removebg-preview.png\",\"contentUrl\":\"https:\/\/mlucqzpfoplo.i.optimole.com\/co-ZpyQ-d7yDvNvC\/dam:1\/w:460\/h:200\/q:auto\/id:294d11d82dc6ed40b1311d0530c6a3c9\/directUpload\/Madera_Logo_-removebg-preview.png\",\"width\":460,\"height\":200,\"caption\":\"Madera Bienes Ra\u00edces\"},\"image\":{\"@id\":\"https:\/\/somosmadera.com\/#\/schema\/logo\/image\/\"},\"sameAs\":[\"https:\/\/www.facebook.com\/profile.php?id=61556515515385\",\"https:\/\/www.instagram.com\/maderabienesraices\/\"]}]}<\/script>\n<!-- \/ Yoast SEO plugin. -->","yoast_head_json":{"title":"Aviso de Privacidad de Mad-ERA Bienes Ra\u00edces - Mad-ERA Bienes Ra\u00edces","robots":{"index":"index","follow":"follow","max-snippet":"max-snippet:-1","max-image-preview":"max-image-preview:large","max-video-preview":"max-video-preview:-1"},"canonical":"https:\/\/somosmadera.com\/en\/aviso-de-privacidad\/","og_locale":"en_US","og_type":"article","og_title":"Aviso de Privacidad de Mad-ERA Bienes Ra\u00edces - Mad-ERA Bienes Ra\u00edces","og_description":"AVISO DE PRIVACIDAD ERA INMOBILIARIA MAD, S.A.S. de C.V., mejor conocido como Mad-ERA Bienes Ra\u00edces, con domicilio en Fuentes Estrella MZ 2 LT 22, Desarrollo Urbano Quetzalc\u00f3atl, Iztapalapa, Ciudad de M\u00e9xico, M\u00e9xico, y portal de internet https:\/\/somosmadera.com\/, es el responsable del uso y protecci\u00f3n de sus datos personales, y al respecto le informamos lo siguiente:...","og_url":"https:\/\/somosmadera.com\/en\/aviso-de-privacidad\/","og_site_name":"Mad-ERA Bienes Ra\u00edces","article_publisher":"https:\/\/www.facebook.com\/profile.php?id=61556515515385","article_modified_time":"2026-01-30T18:48:06+00:00","og_image":[{"width":1200,"height":628,"url":"https:\/\/mlucqzpfoplo.i.optimole.com\/co-ZpyQ-lk_E-6dZ\/dam:1\/w:1200\/h:628\/q:auto\/id:685b1a256115e6d7236e54843505c7a3\/directUpload\/Imagen-al-escribir-logo.png","type":"image\/png"}],"twitter_card":"summary_large_image","twitter_misc":{"Est. reading time":"3 minutes"},"schema":{"@context":"https:\/\/schema.org","@graph":[{"@type":"WebPage","@id":"https:\/\/somosmadera.com\/aviso-de-privacidad\/","url":"https:\/\/somosmadera.com\/aviso-de-privacidad\/","name":"Aviso de Privacidad de Mad-ERA Bienes Ra\u00edces - Mad-ERA Bienes Ra\u00edces","isPartOf":{"@id":"https:\/\/somosmadera.com\/#website"},"datePublished":"2024-10-04T00:11:39+00:00","dateModified":"2026-01-30T18:48:06+00:00","breadcrumb":{"@id":"https:\/\/somosmadera.com\/aviso-de-privacidad\/#breadcrumb"},"inLanguage":"en-US","potentialAction":[{"@type":"ReadAction","target":["https:\/\/somosmadera.com\/aviso-de-privacidad\/"]}]},{"@type":"BreadcrumbList","@id":"https:\/\/somosmadera.com\/aviso-de-privacidad\/#breadcrumb","itemListElement":[{"@type":"ListItem","position":1,"name":"Portada","item":"https:\/\/somosmadera.com\/"},{"@type":"ListItem","position":2,"name":"Aviso de Privacidad de Mad-ERA Bienes Ra\u00edces"}]},{"@type":"WebSite","@id":"https:\/\/somosmadera.com\/#website","url":"https:\/\/somosmadera.com\/","name":"Somos Madera","description":"Compra, vende o renta tu propiedad dentro de la CDMX.","publisher":{"@id":"https:\/\/somosmadera.com\/#organization"},"alternateName":"somosmadera.com","potentialAction":[{"@type":"SearchAction","target":{"@type":"EntryPoint","urlTemplate":"https:\/\/somosmadera.com\/?s={search_term_string}"},"query-input":"required name=search_term_string"}],"inLanguage":"en-US"},{"@type":"Organization","@id":"https:\/\/somosmadera.com\/#organization","name":"Madera Bienes Ra\u00edces","alternateName":"somosmadera.com","url":"https:\/\/somosmadera.com\/","logo":{"@type":"ImageObject","inLanguage":"en-US","@id":"https:\/\/somosmadera.com\/#\/schema\/logo\/image\/","url":"https:\/\/mlucqzpfoplo.i.optimole.com\/co-ZpyQ-d7yDvNvC\/dam:1\/w:460\/h:200\/q:auto\/id:294d11d82dc6ed40b1311d0530c6a3c9\/directUpload\/Madera_Logo_-removebg-preview.png","contentUrl":"https:\/\/mlucqzpfoplo.i.optimole.com\/co-ZpyQ-d7yDvNvC\/dam:1\/w:460\/h:200\/q:auto\/id:294d11d82dc6ed40b1311d0530c6a3c9\/directUpload\/Madera_Logo_-removebg-preview.png","width":460,"height":200,"caption":"Madera Bienes Ra\u00edces"},"image":{"@id":"https:\/\/somosmadera.com\/#\/schema\/logo\/image\/"},"sameAs":["https:\/\/www.facebook.com\/profile.php?id=61556515515385","https:\/\/www.instagram.com\/maderabienesraices\/"]}]}},"_links":{"self":[{"href":"https:\/\/somosmadera.com\/en\/wp-json\/wp\/v2\/pages\/6595","targetHints":{"allow":["GET"]}}],"collection":[{"href":"https:\/\/somosmadera.com\/en\/wp-json\/wp\/v2\/pages"}],"about":[{"href":"https:\/\/somosmadera.com\/en\/wp-json\/wp\/v2\/types\/page"}],"author":[{"embeddable":true,"href":"https:\/\/somosmadera.com\/en\/wp-json\/wp\/v2\/users\/1"}],"replies":[{"embeddable":true,"href":"https:\/\/somosmadera.com\/en\/wp-json\/wp\/v2\/comments?post=6595"}],"version-history":[{"count":3,"href":"https:\/\/somosmadera.com\/en\/wp-json\/wp\/v2\/pages\/6595\/revisions"}],"predecessor-version":[{"id":14210,"href":"https:\/\/somosmadera.com\/en\/wp-json\/wp\/v2\/pages\/6595\/revisions\/14210"}],"wp:attachment":[{"href":"https:\/\/somosmadera.com\/en\/wp-json\/wp\/v2\/media?parent=6595"}],"curies":[{"name":"wp","href":"https:\/\/api.w.org\/{rel}","templated":true}]}}